{"id":2,"date":"2025-02-05T08:30:09","date_gmt":"2025-02-05T08:30:09","guid":{"rendered":"https:\/\/www.netzwerkdemenz-landkreisneunkirchen.de\/?page_id=2"},"modified":"2026-03-25T08:27:46","modified_gmt":"2026-03-25T08:27:46","slug":"sample-page","status":"publish","type":"page","link":"https:\/\/www.netzwerkdemenz-landkreisneunkirchen.de\/","title":{"rendered":"Startseite"},"content":{"rendered":"\n    \n    <section class=\"skrollable u-align-center u-clearfix u-container-align-center u-image u-section-2\" id=\"block-4\" style=\"background-image: url(&quot;https:\/\/www.netzwerkdemenz-landkreisneunkirchen.de\/wp-content\/uploads\/2025\/02\/demenz500-1-scaled.webp&quot;);\">\n      <div class=\"u-clearfix u-sheet u-sheet-1\"><\/div>\n    <\/section>\n    <section class=\"u-clearfix u-custom-color-210 u-section-3\" id=\"block-7\">\n      <div class=\"u-clearfix u-sheet u-valign-middle u-sheet-1\">\n        <h2 class=\"u-text u-text-default u-text-1\"> NetzwerkDemenz\nim Land\u200b\u200b\u200bkreis Neunkirchen \u2013 Wir \u00fcber uns <\/h2>\n        <p class=\"u-text u-text-default u-text-2\">Das\nNetzwerkDemenz ist ein gemeinsames Projekt von rund 80 Kooperationspartnerinnen\nund Kooperationspartnern, die mit ihren Angeboten Menschen mit Demenz und ihre\nAngeh\u00f6rigen entlasten wollen.\nDas\nNetzwerkDemenz wird vom Demenzverein im Landkreis Neunkirchen e. V. koordiniert\nund betreut.\nWir - der\nDemenzverein und das NetzwerkDemenz - sind unter der Rufnummer 06824-2049760\nerreichbar. Sollten wir Ihren Anruf nicht pers\u00f6nlich entgegennehmen k\u00f6nnen, rufen\nwir Sie zeitnah zur\u00fcck.\nGerne k\u00f6nnen\nSie uns auch eine Mail an \u200binfo@demenz-nk.de senden.\nPers\u00f6nlich\nsind wir in unserer Gesch\u00e4ftsstelle in 66564 Ottweiler, Pauluseck 5, montags\nund mittwochs von 10:00 bis 12:00 Uhr f\u00fcr Sie da.\nPers\u00f6nliche Beratungen, auch bei Ihnen zu Hause, sind nach telefonischer\nVereinbarung m\u00f6glich.\n&nbsp;\n&nbsp;&nbsp; &nbsp; &nbsp;<\/p>\n      <\/div>\n    <\/section>\n    <section class=\"u-clearfix u-shading u-section-4\" id=\"block-5\">\n      <div class=\"u-clearfix u-sheet u-valign-middle-sm u-sheet-1\">\n        <img decoding=\"async\" alt=\"\" class=\"custom-expanded u-align-left-sm u-align-left-xs u-align-right-lg u-align-right-md u-align-right-xl u-file-link u-image u-image-contain u-image-default u-image-1\" data-image-width=\"595\" data-image-height=\"842\" src=\"https:\/\/www.netzwerkdemenz-landkreisneunkirchen.de\/wp-content\/uploads\/2025\/02\/csm_Demenzwegweiser2023_webansicht_fe38e7476a-3.png\" data-href=\"https:\/\/www.netzwerkdemenz-landkreisneunkirchen.de\/wp-content\/uploads\/2025\/05\/Demenzwegweiser2024web-3.pdf\">\n        <h2 class=\"u-align-left u-text u-text-body-color u-text-1\">Demenzwegweiser 2024<\/h2>\n        <p class=\"u-align-left u-text u-text-body-color u-text-2\">Der Demenzverein im Landkreis Neunkirchen e. V.&nbsp;und das NetzwerkDemenz im Landkreis Neunkirchen&nbsp;haben in Zusammenarbeit mit den im Wegweiser aufgef\u00fchrten Einrichtungen eine Brosch\u00fcre erstellt, die Wissenswertes zum Thema Demenz&nbsp;sowie Beratungs-, Hilfs- und Unterst\u00fctzungsangebote&nbsp;enth\u00e4lt. Der Demenzwegweiser leistet somit einen Beitrag Betroffene und ihre&nbsp;Angeh\u00f6rigen zu unterst\u00fctzen und zu informieren und damit zu entlasten.<\/p>\n        <a href=\"https:\/\/www.netzwerkdemenz-landkreisneunkirchen.de\/wp-content\/uploads\/2025\/05\/Demenzwegweiser2024web-2.pdf\" class=\"u-align-left-sm u-align-left-xs u-align-right-lg u-align-right-md u-align-right-xl u-border-2 u-border-grey-75 u-btn u-button-style u-custom-color-197 u-file-link u-hover-custom-color-193 u-btn-1\" data-animation-name=\"\" data-animation-duration=\"0\" data-animation-delay=\"0\" data-animation-direction=\"\"><span class=\"u-icon u-icon-1\"><svg class=\"u-svg-content\" viewBox=\"0 0 512 512\" x=\"0px\" y=\"0px\" style=\"width: 1em; height: 1em;\"><path d=\"M382.56,233.376C379.968,227.648,374.272,224,368,224h-64V16c0-8.832-7.168-16-16-16h-64c-8.832,0-16,7.168-16,16v208h-64    c-6.272,0-11.968,3.68-14.56,9.376c-2.624,5.728-1.6,12.416,2.528,17.152l112,128c3.04,3.488,7.424,5.472,12.032,5.472    c4.608,0,8.992-2.016,12.032-5.472l112-128C384.192,245.824,385.152,239.104,382.56,233.376z\"><\/path><path d=\"M432,352v96H80v-96H16v128c0,17.696,14.336,32,32,32h416c17.696,0,32-14.304,32-32V352H432z\"><\/path><\/svg><\/span>&nbsp;Jetzt herunterladen\n        <\/a>\n      <\/div>\n    <\/section>\n    <section class=\"u-clearfix u-custom-color-12 u-section-5\" id=\"sec-eb9e\">\n      <div class=\"u-clearfix u-sheet u-valign-middle u-sheet-1\">\n        <h2 class=\"u-align-center u-text u-text-1\"> N\u00e4chste Veranstaltungen<\/h2>\n        <a href=\"https:\/\/www.netzwerkdemenz-landkreisneunkirchen.de\/?post_type=tribe_events\" class=\"u-align-center u-blog-control u-btn u-button-style u-custom-color-212 u-hover-custom-color-213 u-btn-1\">Veranstaltungen im \u00dcberblick<\/a>\n      <\/div>\n    <\/section>\n    <section class=\"u-clearfix u-section-6\" id=\"block-6\">\n      <div class=\"u-clearfix u-sheet u-valign-middle u-sheet-1\">\n        <div class=\"u-clearfix u-custom-html u-expanded-width u-custom-html-1\">\n          <iframe loading=\"lazy\" width=\"100%\" height=\"400px\" frameborder=\"0\" allowfullscreen=\"\" allow=\"geolocation\" src=\"\/\/umap.openstreetmap.de\/de\/map\/netzwerkdemenzverein-nkde_83348?scaleControl=false&amp;miniMap=false&amp;scrollWheelZoom=false&amp;zoomControl=true&amp;editMode=disabled&amp;moreControl=false&amp;searchControl=null&amp;tilelayersControl=null&amp;embedControl=null&amp;datalayersControl=true&amp;onLoadPanel=none&amp;captionBar=false&amp;captionMenus=true#12\/49.3592\/7.1167\"><\/iframe>\n        <\/div>\n      <\/div>\n    <\/section>\n    <section class=\"u-clearfix u-custom-color-211 u-section-7\" id=\"sec-7339\">\n      <div class=\"u-clearfix u-sheet u-sheet-1\">\n        <h2 class=\"u-align-left u-text u-text-body-color u-text-1\">Informationen<\/h2>\n        <div class=\"u-clearfix u-custom-html u-expanded-width u-custom-html-1\"><div class=\"ultp-shortcode\" data-postid=\"2516\"><div  class=\"ultp-post-grid-block wp-block-ultimate-post-post-grid-2 ultp-block-550ca7\"><div class=\"ultp-block-wrapper\"><div class=\"ultp-loading\"><div class=\"ultp-loading-blocks\" style=\"width:100%;height:100%;\"><div style=\"left: 0;top: 0;animation-delay:0s;\"><\/div><div style=\"left: 21px;top: 0;animation-delay:0.125s;\"><\/div><div style=\"left: 42px;top: 0;animation-delay:0.25s;\"><\/div><div style=\"left: 0;top: 21px;animation-delay:0.875s;\"><\/div><div style=\"left: 42px;top: 21px;animation-delay:0.375s;\"><\/div><div style=\"left: 0;top: 42px;animation-delay:0.75s;\"><\/div><div style=\"left: 42px;top: 42px;animation-delay:0.625s;\"><\/div><div style=\"left: 21px;top: 42px;animation-delay:0.5s;\"><\/div><\/div><\/div><div class=\"ultp-block-items-wrap ultp-block-row\"><div class=\"ultp-block-item post-id-3279\"><div class=\"ultp-block-content-wrap ultp-block-content-overlay\"><div class=\"ultp-block-image ultp-block-image-zoomOut ultp-block-image-overlay ultp-block-image-custom\"><a href=\"https:\/\/www.netzwerkdemenz-landkreisneunkirchen.de\/?p=3279\" ><img decoding=\"async\"  src=\"https:\/\/www.netzwerkdemenz-landkreisneunkirchen.de\/wp-content\/plugins\/ultimate-post\/assets\/img\/ultp-fallback-img.png\" alt=\"dummy-img\" \/><\/a><\/div><div class=\"ultp-block-content ultp-block-content-topPosition\"><div class=\"ultp-block-content-inner\"><h3 class=\"ultp-block-title \"><a href=\"https:\/\/www.netzwerkdemenz-landkreisneunkirchen.de\/?p=3279\" >Demenz geht uns Alle an!<\/a><\/h3><div class=\"ultp-block-excerpt\"> 25. M\u00e4rz 2026<\/div><\/div><\/div><\/div><\/div><div class=\"ultp-block-item post-id-3170\"><div class=\"ultp-block-content-wrap ultp-block-content-overlay\"><div class=\"ultp-block-image ultp-block-image-zoomOut ultp-block-image-overlay ultp-block-image-custom\"><a href=\"https:\/\/www.netzwerkdemenz-landkreisneunkirchen.de\/?p=3170\" ><img decoding=\"async\"  src=\"https:\/\/www.netzwerkdemenz-landkreisneunkirchen.de\/wp-content\/plugins\/ultimate-post\/assets\/img\/ultp-fallback-img.png\" alt=\"dummy-img\" \/><\/a><\/div><div class=\"ultp-block-content ultp-block-content-topPosition\"><div class=\"ultp-block-content-inner\"><h3 class=\"ultp-block-title \"><a href=\"https:\/\/www.netzwerkdemenz-landkreisneunkirchen.de\/?p=3170\" >Positiver Blick aufs \u00c4lterwerden \u2013 warum neue Altersbilder \u00fcberf\u00e4llig sind<\/a><\/h3><div class=\"ultp-block-excerpt\">15.01.2026<\/div><\/div><\/div><\/div><\/div><div class=\"ultp-block-item post-id-2946\"><div class=\"ultp-block-content-wrap ultp-block-content-overlay\"><div class=\"ultp-block-image ultp-block-image-zoomOut ultp-block-image-overlay ultp-block-image-custom\"><a href=\"https:\/\/www.netzwerkdemenz-landkreisneunkirchen.de\/?p=2946\" ><img decoding=\"async\"  src=\"https:\/\/www.netzwerkdemenz-landkreisneunkirchen.de\/wp-content\/plugins\/ultimate-post\/assets\/img\/ultp-fallback-img.png\" alt=\"dummy-img\" \/><\/a><\/div><div class=\"ultp-block-content ultp-block-content-topPosition\"><div class=\"ultp-block-content-inner\"><h3 class=\"ultp-block-title \"><a href=\"https:\/\/www.netzwerkdemenz-landkreisneunkirchen.de\/?p=2946\" >Fit und vital \u2013 Informationsabend Demenzpr\u00e4vention<\/a><\/h3><div class=\"ultp-block-excerpt\">10. September 2025<\/div><\/div><\/div><\/div><\/div><div class=\"ultp-block-item post-id-2661\"><div class=\"ultp-block-content-wrap ultp-block-content-overlay\"><div class=\"ultp-block-image ultp-block-image-zoomOut ultp-block-image-overlay ultp-block-image-custom\"><a href=\"https:\/\/www.netzwerkdemenz-landkreisneunkirchen.de\/?p=2661\" ><img decoding=\"async\"  src=\"https:\/\/www.netzwerkdemenz-landkreisneunkirchen.de\/wp-content\/plugins\/ultimate-post\/assets\/img\/ultp-fallback-img.png\" alt=\"dummy-img\" \/><\/a><\/div><div class=\"ultp-block-content ultp-block-content-topPosition\"><div class=\"ultp-block-content-inner\"><h3 class=\"ultp-block-title \"><a href=\"https:\/\/www.netzwerkdemenz-landkreisneunkirchen.de\/?p=2661\" >Demenztasche &#8222;Lichte Momente&#8220;<\/a><\/h3><div class=\"ultp-block-excerpt\">05. Juni 2025<\/div><\/div><\/div><\/div><\/div><div class=\"ultp-block-item post-id-2675\"><div class=\"ultp-block-content-wrap ultp-block-content-overlay\"><div class=\"ultp-block-image ultp-block-image-zoomOut ultp-block-image-overlay ultp-block-image-custom\"><a href=\"https:\/\/www.netzwerkdemenz-landkreisneunkirchen.de\/?p=2675\" ><img decoding=\"async\"  src=\"https:\/\/www.netzwerkdemenz-landkreisneunkirchen.de\/wp-content\/plugins\/ultimate-post\/assets\/img\/ultp-fallback-img.png\" alt=\"dummy-img\" \/><\/a><\/div><div class=\"ultp-block-content ultp-block-content-topPosition\"><div class=\"ultp-block-content-inner\"><h3 class=\"ultp-block-title \"><a href=\"https:\/\/www.netzwerkdemenz-landkreisneunkirchen.de\/?p=2675\" >Demenz geht uns Alle an!<\/a><\/h3><div class=\"ultp-block-excerpt\">28. M\u00e4rz 2025<\/div><\/div><\/div><\/div><\/div><div class=\"ultp-block-item post-id-945\"><div class=\"ultp-block-content-wrap ultp-block-content-overlay\"><div class=\"ultp-block-image ultp-block-image-zoomOut ultp-block-image-overlay ultp-block-image-custom\"><a href=\"https:\/\/www.netzwerkdemenz-landkreisneunkirchen.de\/?p=945\" ><img decoding=\"async\"  src=\"https:\/\/www.netzwerkdemenz-landkreisneunkirchen.de\/wp-content\/plugins\/ultimate-post\/assets\/img\/ultp-fallback-img.png\" alt=\"dummy-img\" \/><\/a><\/div><div class=\"ultp-block-content ultp-block-content-topPosition\"><div class=\"ultp-block-content-inner\"><h3 class=\"ultp-block-title \"><a href=\"https:\/\/www.netzwerkdemenz-landkreisneunkirchen.de\/?p=945\" >\u200bDas NetzwerkDemenz w\u00e4chst weiter<\/a><\/h3><div class=\"ultp-block-excerpt\">31. Oktober 2024\u200b<\/div><\/div><\/div><\/div><\/div><div class=\"ultp-block-item post-id-942\"><div class=\"ultp-block-content-wrap ultp-block-content-overlay\"><div class=\"ultp-block-image ultp-block-image-zoomOut ultp-block-image-overlay ultp-block-image-custom\"><a href=\"https:\/\/www.netzwerkdemenz-landkreisneunkirchen.de\/?p=942\" ><img decoding=\"async\"  src=\"https:\/\/www.netzwerkdemenz-landkreisneunkirchen.de\/wp-content\/plugins\/ultimate-post\/assets\/img\/ultp-fallback-img.png\" alt=\"dummy-img\" \/><\/a><\/div><div class=\"ultp-block-content ultp-block-content-topPosition\"><div class=\"ultp-block-content-inner\"><h3 class=\"ultp-block-title \"><a href=\"https:\/\/www.netzwerkdemenz-landkreisneunkirchen.de\/?p=942\" >\u200bBefragung zu Medikamentenwissen und medikamentenbezogener Belastung bei Angeh\u00f6rigen von Demenzpatienten<\/a><\/h3><div class=\"ultp-block-excerpt\">31. Oktober 2024<\/div><\/div><\/div><\/div><\/div><div class=\"ultp-block-item post-id-947\"><div class=\"ultp-block-content-wrap ultp-block-content-overlay\"><div class=\"ultp-block-image ultp-block-image-zoomOut ultp-block-image-overlay ultp-block-image-custom\"><a href=\"https:\/\/www.netzwerkdemenz-landkreisneunkirchen.de\/?p=947\" ><img decoding=\"async\"  src=\"https:\/\/www.netzwerkdemenz-landkreisneunkirchen.de\/wp-content\/plugins\/ultimate-post\/assets\/img\/ultp-fallback-img.png\" alt=\"dummy-img\" \/><\/a><\/div><div class=\"ultp-block-content ultp-block-content-topPosition\"><div class=\"ultp-block-content-inner\"><h3 class=\"ultp-block-title \"><a href=\"https:\/\/www.netzwerkdemenz-landkreisneunkirchen.de\/?p=947\" >Begegnung mit Alpakas<\/a><\/h3><div class=\"ultp-block-excerpt\">08. Oktober 2024<\/div><\/div><\/div><\/div><\/div><\/div><\/div><div class=\"pagination-block-html\" aria-hidden=\"true\" style=\"display: none;\"><\/div><\/div><\/div> <\/div>\n      <\/div>\n    <\/section>\n    <section class=\"skrollable u-clearfix u-image u-parallax u-section-8\" id=\"block-2\" data-image-width=\"1275\" data-image-height=\"850\" style=\"background-image: url(&quot;https:\/\/www.netzwerkdemenz-landkreisneunkirchen.de\/wp-content\/uploads\/2025\/02\/csm_DSC00477_8b3c9500c8-2.webp&quot;);\"><\/section>\n    \n    \n    \n    \n  \n","protected":false},"excerpt":{"rendered":"<p>NetzwerkDemenz im Land\u200b\u200b\u200bkreis Neunkirchen \u2013 Wir \u00fcber uns Das NetzwerkDemenz ist ein gemeinsames Projekt von rund 80 Kooperationspartnerinnen und Kooperationspartnern, die mit ihren Angeboten Menschen mit Demenz und ihre Angeh\u00f6rigen &hellip; <a href=\"https:\/\/www.netzwerkdemenz-landkreisneunkirchen.de\/\" class=\"more-link\">Continue reading<span class=\"screen-reader-text\"> &#8222;Startseite&#8220;<\/span><\/a><\/p>\n","protected":false},"author":1,"featured_media":0,"parent":0,"menu_order":0,"comment_status":"closed","ping_status":"closed","template":"","meta":{"footnotes":""},"class_list":["post-2","page","type-page","status-publish","hentry"],"_links":{"self":[{"href":"https:\/\/www.netzwerkdemenz-landkreisneunkirchen.de\/index.php?rest_route=\/wp\/v2\/pages\/2","targetHints":{"allow":["GET"]}}],"collection":[{"href":"https:\/\/www.netzwerkdemenz-landkreisneunkirchen.de\/index.php?rest_route=\/wp\/v2\/pages"}],"about":[{"href":"https:\/\/www.netzwerkdemenz-landkreisneunkirchen.de\/index.php?rest_route=\/wp\/v2\/types\/page"}],"author":[{"embeddable":true,"href":"https:\/\/www.netzwerkdemenz-landkreisneunkirchen.de\/index.php?rest_route=\/wp\/v2\/users\/1"}],"replies":[{"embeddable":true,"href":"https:\/\/www.netzwerkdemenz-landkreisneunkirchen.de\/index.php?rest_route=%2Fwp%2Fv2%2Fcomments&post=2"}],"version-history":[{"count":116,"href":"https:\/\/www.netzwerkdemenz-landkreisneunkirchen.de\/index.php?rest_route=\/wp\/v2\/pages\/2\/revisions"}],"predecessor-version":[{"id":3276,"href":"https:\/\/www.netzwerkdemenz-landkreisneunkirchen.de\/index.php?rest_route=\/wp\/v2\/pages\/2\/revisions\/3276"}],"wp:attachment":[{"href":"https:\/\/www.netzwerkdemenz-landkreisneunkirchen.de\/index.php?rest_route=%2Fwp%2Fv2%2Fmedia&parent=2"}],"curies":[{"name":"wp","href":"https:\/\/api.w.org\/{rel}","templated":true}]}}