{"id":74,"date":"2025-02-06T09:40:28","date_gmt":"2025-02-06T09:40:28","guid":{"rendered":"https:\/\/www.netzwerkdemenz-landkreisneunkirchen.de\/?page_id=74"},"modified":"2025-05-12T11:40:06","modified_gmt":"2025-05-12T11:40:06","slug":"unser-logo","status":"publish","type":"page","link":"https:\/\/www.netzwerkdemenz-landkreisneunkirchen.de\/?page_id=74","title":{"rendered":"Unser Logo"},"content":{"rendered":"\n    \n    <section class=\"u-clearfix u-section-2\" id=\"sec-80fb\">\n      <div class=\"u-clearfix u-sheet u-sheet-1\">\n        <p class=\"u-hover-feature u-text u-text-custom-color-26 u-text-1\">\n          <a class=\"u-border-none u-btn u-button-link u-button-style u-hover-none u-none u-text-custom-color-26 u-text-hover-palette-4-base u-btn-1\" href=\"https:\/\/www.netzwerkdemenz-landkreisneunkirchen.de\/\">Netzwerk Demenz\/<\/a>Wir \u00fcber uns\/\u200b Unser Logo\n        <\/p>\n      <\/div>\n      \n    <\/section>\n    <section class=\"u-clearfix u-color-scheme-u10 u-container-align-center u-section-3\" id=\"block-3\">\n      <div class=\"u-clearfix u-sheet u-valign-middle-sm u-valign-middle-xs u-sheet-1\">\n        <div class=\"data-layout-selected u-clearfix u-expanded-width u-gutter-0 u-layout-wrap u-layout-wrap-1\">\n          <div class=\"u-gutter-0 u-layout\">\n            <div class=\"u-layout-row\">\n              <div class=\"u-size-30 u-size-60-md\">\n                <div class=\"u-layout-col\">\n                  <div class=\"u-align-left u-container-align-left u-container-style u-layout-cell u-left-cell u-size-40 u-layout-cell-1\">\n                    <div class=\"u-container-layout u-valign-top-lg u-valign-top-md u-valign-top-sm u-valign-top-xs u-container-layout-1\">\n                      <h2 class=\"u-align-left u-text u-text-1\">Unser Logo<\/h2>\n                    <\/div>\n                  <\/div>\n                  <div class=\"u-container-style u-image u-layout-cell u-left-cell u-size-20 u-image-1\" src=\"\" data-image-width=\"1209\" data-image-height=\"850\" style=\"background-image: url(&quot;https:\/\/www.netzwerkdemenz-landkreisneunkirchen.de\/wp-content\/uploads\/2025\/02\/csm_netzwerk_demenz_593c1fdcf1.webp&quot;);\">\n                    <div class=\"u-container-layout u-container-layout-2\"><\/div>\n                  <\/div>\n                <\/div>\n              <\/div>\n              <div class=\"u-size-30 u-size-60-md\">\n                <div class=\"u-layout-col\">\n                  <div class=\"u-align-left u-container-align-left u-container-style u-layout-cell u-right-cell u-size-20 u-layout-cell-3\">\n                    <div class=\"u-container-layout u-valign-bottom u-container-layout-3\">\n                      <p class=\"u-align-left u-text u-text-custom-color-31 u-text-2\"> Die Form der \u201eZahnr\u00e4der\u201c erinnern sowohl an das Logo des <a href=\"https:\/\/www.demenzverein-neunkirchen.de\/willkommen\" class=\"u-border-none u-btn u-button-link u-button-style u-hover-none u-none u-text-custom-color-31 u-text-hover-palette-4-base u-btn-1\" target=\"_blank\">Demenzverein <\/a>\n                        <font color=\"rgba(0, 0, 0, 0)\">\n                          <span style=\"letter-spacing: -0.1px; line-height: 1.4;\"><u>\n                              <span style=\"font-style: italic;\">\n                                <a href=\"#\"><\/a>\n                              <\/span><\/u>\n                          <\/span>\n                        <\/font>, als auch an<br>das Logo des&nbsp;<a href=\"https:\/\/www.landkreis-neunkirchen.de\/\" class=\"u-border-none u-btn u-button-link u-button-style u-hover-none u-none u-text-custom-color-31 u-text-hover-palette-4-base u-btn-2\" target=\"_blank\">Landkreises Neunkirchen<\/a>.<br>Hiermit wird eine deutliche Zuordnung und Verortung angezeigt.\n                      <\/p>\n                    <\/div>\n                  <\/div>\n                  <div class=\"u-align-left u-container-align-left u-container-align-left-xl u-container-style u-layout-cell u-right-cell u-size-40 u-layout-cell-4\">\n                    <div class=\"u-container-layout u-valign-middle-lg u-valign-middle-md u-valign-middle-sm u-valign-middle-xs u-container-layout-4\">\n                      <p class=\"u-align-left u-text u-text-custom-color-31 u-text-3\"> Die Drei Zahnr\u00e4der (blau, rot und gr\u00fcn) symbolisieren das Netzwerk, in dem ein Zahnrad (Wissen, Kompetenz und Hilfe) in das Andere greift.<br>Nur der blaue Teil des Logos betrachtet, erinnert an die Form eines Schl\u00fcssels.<br>Dieser Schl\u00fcssel (das gesamte Netzwerk) \u00f6ffnet die T\u00fcren zu dem weitl\u00e4ufigen Thema Demenz.\n                      <\/p>\n                    <\/div>\n                  <\/div>\n                <\/div>\n              <\/div>\n            <\/div>\n          <\/div>\n        <\/div>\n      <\/div>\n    <\/section>\n    <section class=\"skrollable u-align-center u-clearfix u-container-align-center u-image u-parallax u-section-4\" id=\"block-4\" style=\"background-image: url(&quot;https:\/\/www.netzwerkdemenz-landkreisneunkirchen.de\/wp-content\/uploads\/2025\/02\/csm_bergpanorama_8f92596d42-2.webp&quot;);\">\n      <div class=\"u-clearfix u-sheet u-sheet-1\"><\/div>\n    <\/section>\n    \n    \n    \n    \n  \n","protected":false},"excerpt":{"rendered":"<p>Netzwerk Demenz\/Wir \u00fcber uns\/\u200b Unser Logo Unser Logo Die Form der \u201eZahnr\u00e4der\u201c erinnern sowohl an das Logo des Demenzverein , als auch andas Logo des&nbsp;Landkreises Neunkirchen.Hiermit wird eine deutliche Zuordnung &hellip; <a href=\"https:\/\/www.netzwerkdemenz-landkreisneunkirchen.de\/?page_id=74\" class=\"more-link\">Continue reading<span class=\"screen-reader-text\"> &#8222;Unser Logo&#8220;<\/span><\/a><\/p>\n","protected":false},"author":1,"featured_media":0,"parent":0,"menu_order":19,"comment_status":"closed","ping_status":"closed","template":"","meta":{"footnotes":""},"class_list":["post-74","page","type-page","status-publish","hentry"],"_links":{"self":[{"href":"https:\/\/www.netzwerkdemenz-landkreisneunkirchen.de\/index.php?rest_route=\/wp\/v2\/pages\/74","targetHints":{"allow":["GET"]}}],"collection":[{"href":"https:\/\/www.netzwerkdemenz-landkreisneunkirchen.de\/index.php?rest_route=\/wp\/v2\/pages"}],"about":[{"href":"https:\/\/www.netzwerkdemenz-landkreisneunkirchen.de\/index.php?rest_route=\/wp\/v2\/types\/page"}],"author":[{"embeddable":true,"href":"https:\/\/www.netzwerkdemenz-landkreisneunkirchen.de\/index.php?rest_route=\/wp\/v2\/users\/1"}],"replies":[{"embeddable":true,"href":"https:\/\/www.netzwerkdemenz-landkreisneunkirchen.de\/index.php?rest_route=%2Fwp%2Fv2%2Fcomments&post=74"}],"version-history":[{"count":7,"href":"https:\/\/www.netzwerkdemenz-landkreisneunkirchen.de\/index.php?rest_route=\/wp\/v2\/pages\/74\/revisions"}],"predecessor-version":[{"id":1076,"href":"https:\/\/www.netzwerkdemenz-landkreisneunkirchen.de\/index.php?rest_route=\/wp\/v2\/pages\/74\/revisions\/1076"}],"wp:attachment":[{"href":"https:\/\/www.netzwerkdemenz-landkreisneunkirchen.de\/index.php?rest_route=%2Fwp%2Fv2%2Fmedia&parent=74"}],"curies":[{"name":"wp","href":"https:\/\/api.w.org\/{rel}","templated":true}]}}