{"id":83,"date":"2025-02-06T09:42:05","date_gmt":"2025-02-06T09:42:05","guid":{"rendered":"https:\/\/www.netzwerkdemenz-landkreisneunkirchen.de\/?page_id=83"},"modified":"2025-07-16T09:40:38","modified_gmt":"2025-07-16T09:40:38","slug":"allgemeines","status":"publish","type":"page","link":"https:\/\/www.netzwerkdemenz-landkreisneunkirchen.de\/?page_id=83","title":{"rendered":"Allgemeines"},"content":{"rendered":"\n    \n    <section class=\"u-clearfix u-container-align-center u-image u-section-2\" id=\"block-1\" data-image-width=\"4142\" data-image-height=\"850\" style=\"background-image: url(&quot;https:\/\/www.netzwerkdemenz-landkreisneunkirchen.de\/wp-content\/uploads\/2025\/02\/csm_haende500banner_351c0925dc-1-scaled.webp&quot;);\">\n      <div class=\"u-clearfix u-sheet u-sheet-1\"><\/div>\n    <\/section>\n    <section class=\"u-clearfix u-section-3\" id=\"sec-fdfa\">\n      <div class=\"u-clearfix u-sheet u-sheet-1\">\n        <p class=\"u-hover-feature u-text u-text-custom-color-26 u-text-1\">\n          <a class=\"u-border-none u-btn u-button-style u-text-custom-color-26 u-text-hover-custom-color-27 u-btn-1\" href=\"https:\/\/www.netzwerkdemenz-landkreisneunkirchen.de\/\">Netzwerk Demenz\/<\/a>Ehrenamt\/\u200b Allgemeines\n        <\/p>\n      <\/div>\n      \n    <\/section>\n    <section class=\"u-align-left u-clearfix u-container-align-left u-grey-5 u-section-4\" id=\"block-3\">\n      <div class=\"u-clearfix u-sheet u-sheet-1\">\n        <h2 class=\"u-align-left u-text u-text-1\"> Allgemeines<\/h2>\n        <p class=\"u-align-left u-text u-text-default u-text-2\"> Das Ehrenamt spielt bei der Bereitstellung von Hilfs- und Unterst\u00fctzungsangeboten f\u00fcr Menschen mit Demenz und ihren pflegenden Angeh\u00f6rigen eine gro\u00dfe Rolle.Es gibt verschiedene Bereiche, in denen ein Ehrenamt m\u00f6glich ist:<\/p>\n        <ul class=\"u-align-left u-text u-text-3\">\n          <li>\n            <span class=\"u-text-custom-color-31\"> Betreuungskraft in einem Demenzcaf\u00e9<\/span>\n          <\/li>\n          <li>\n            <span class=\"u-text-custom-color-31\"> Stundenweise Betreuungskraft in den eigenen vier W\u00e4nden der Person mit Demenz<\/span>\n          <\/li>\n          <li>\n            <span class=\"u-text-custom-color-31\"><\/span>\n            <span class=\"u-text-custom-color-31\">Betreuungskraft in einer station\u00e4ren Pflegeeinrichtung<\/span>\n          <\/li>\n          <li>\n            <span class=\"u-text-custom-color-31\">Musikangebote in einer station\u00e4ren Pflegeinrichtung oder in einem Demenzcaf\u00e9<\/span>\n          <\/li>\n        <\/ul>\n        <p class=\"u-align-left u-text u-text-body-color u-text-4\"> Zu den T\u00e4tigkeiten, die im Ehrenamt ausge\u00fcbt werden k\u00f6nnen, z\u00e4hlen zum Beispiel:<\/p>\n        <ul class=\"u-align-left u-text u-text-5\">\n          <li>\n            <span class=\"u-text-custom-color-31\"> Spazierengehen<\/span>\n          <\/li>\n          <li>\n            <span class=\"u-text-custom-color-31\"> Vorlesen<\/span>\n          <\/li>\n          <li>\n            <span class=\"u-text-custom-color-31\"><\/span>\n            <span class=\"u-text-custom-color-31\"> gemeinsam durch alte Fotoalben bl\u00e4ttern, um eventuell Erinnerungen zu wecken<\/span>\n          <\/li>\n          <li>\n            <span class=\"u-text-custom-color-31\"> gemeinsam singen<\/span>\n          <\/li>\n          <li>\n            <span class=\"u-text-custom-color-31\">Lieder und Melodien aus der Jugend der Person mit Demenz vorsingen<\/span>\n          <\/li>\n          <li>\n            <span class=\"u-text-custom-color-31\">gemeinsam spielen (z.B. Gesellschaftsspiele)<\/span>\n          <\/li>\n          <li>\n            <span class=\"u-text-custom-color-31\">unterhalten<\/span>\n          <\/li>\n          <li>\n            <span class=\"u-text-custom-color-31\">gemeinsam Essen zubereiten<\/span>\n          <\/li>\n          <li>\n            <span class=\"u-text-custom-color-31\">Malen und Zeichnen<\/span>\n          <\/li>\n          <li>\n            <span style=\"font-weight: 700;\"><\/span>\n            <span class=\"u-text-custom-color-31\">Gesellschaft leisten<br>\n            <\/span>\n          <\/li>\n        <\/ul>\n      <\/div>\n    <\/section>\n    <section class=\"skrollable u-align-center u-clearfix u-container-align-center u-image u-parallax u-section-5\" id=\"block-2\" data-image-width=\"1511\" data-image-height=\"850\" style=\"background-image: url(&quot;https:\/\/www.netzwerkdemenz-landkreisneunkirchen.de\/wp-content\/uploads\/2025\/02\/csm_wald_a597c8d9a0-2.webp&quot;);\">\n      <div class=\"u-clearfix u-sheet u-sheet-1\"><\/div>\n    <\/section>\n    \n    \n    \n  \n","protected":false},"excerpt":{"rendered":"<p>Netzwerk Demenz\/Ehrenamt\/\u200b Allgemeines Allgemeines Das Ehrenamt spielt bei der Bereitstellung von Hilfs- und Unterst\u00fctzungsangeboten f\u00fcr Menschen mit Demenz und ihren pflegenden Angeh\u00f6rigen eine gro\u00dfe Rolle.Es gibt verschiedene Bereiche, in denen &hellip; <a href=\"https:\/\/www.netzwerkdemenz-landkreisneunkirchen.de\/?page_id=83\" class=\"more-link\">Continue reading<span class=\"screen-reader-text\"> &#8222;Allgemeines&#8220;<\/span><\/a><\/p>\n","protected":false},"author":1,"featured_media":0,"parent":0,"menu_order":16,"comment_status":"closed","ping_status":"closed","template":"","meta":{"footnotes":""},"class_list":["post-83","page","type-page","status-publish","hentry"],"_links":{"self":[{"href":"https:\/\/www.netzwerkdemenz-landkreisneunkirchen.de\/index.php?rest_route=\/wp\/v2\/pages\/83","targetHints":{"allow":["GET"]}}],"collection":[{"href":"https:\/\/www.netzwerkdemenz-landkreisneunkirchen.de\/index.php?rest_route=\/wp\/v2\/pages"}],"about":[{"href":"https:\/\/www.netzwerkdemenz-landkreisneunkirchen.de\/index.php?rest_route=\/wp\/v2\/types\/page"}],"author":[{"embeddable":true,"href":"https:\/\/www.netzwerkdemenz-landkreisneunkirchen.de\/index.php?rest_route=\/wp\/v2\/users\/1"}],"replies":[{"embeddable":true,"href":"https:\/\/www.netzwerkdemenz-landkreisneunkirchen.de\/index.php?rest_route=%2Fwp%2Fv2%2Fcomments&post=83"}],"version-history":[{"count":11,"href":"https:\/\/www.netzwerkdemenz-landkreisneunkirchen.de\/index.php?rest_route=\/wp\/v2\/pages\/83\/revisions"}],"predecessor-version":[{"id":2724,"href":"https:\/\/www.netzwerkdemenz-landkreisneunkirchen.de\/index.php?rest_route=\/wp\/v2\/pages\/83\/revisions\/2724"}],"wp:attachment":[{"href":"https:\/\/www.netzwerkdemenz-landkreisneunkirchen.de\/index.php?rest_route=%2Fwp%2Fv2%2Fmedia&parent=83"}],"curies":[{"name":"wp","href":"https:\/\/api.w.org\/{rel}","templated":true}]}}